{"id":17,"date":"2015-11-30T10:15:53","date_gmt":"2015-11-30T09:15:53","guid":{"rendered":"http:\/\/www.timodent.com\/?page_id=17"},"modified":"2020-09-29T11:23:39","modified_gmt":"2020-09-29T09:23:39","slug":"dental-turizam","status":"publish","type":"page","link":"https:\/\/www.timodent.com\/en\/dental-turizam\/","title":{"rendered":"Dental tourism"},"content":{"rendered":"<div class=\"wpb-content-wrapper\"><p><\/p>\n<p>[vc_row inner_container=&#8221;no&#8221; padding_top=&#8221;0&#8243; padding_bottom=&#8221;0&#8243;][vc_column css=&#8221;.vc_custom_1485369506582{margin-bottom: -40px !important;}&#8221;][rev_slider_vc alias=&#8221;beograd&#8221;][\/vc_column][\/vc_row][vc_row type=&#8221;image&#8221; bg_image=&#8221;8593&#8243;][vc_column][vc_row_inner][vc_column_inner][vc_column_text]<\/p>\n<h2 style=\"text-align: center;\">\u201eDENTAL TOURIST\u201c<\/h2>\n<h1 style=\"text-align: center;\">best of both worlds-visit Belgrade\u00a0and take care of\u00a0Your dental problems.<\/h1>\n<p style=\"text-align: justify;\">Dental tourism in Serbia is becoming more and more popular mean of teeth treatment and embellishment among\u00a0foreign patients. A lot has changed in the last couple of years, people travel more and the borders seem to be disappearing. Serbia can offer all dental services by same standards. That is why many people around the world choose this combination of vacation and medical care.<\/p>\n<p style=\"text-align: justify;\">Dental ordination TIMO-DENT is located on VRA\u010cAR, which provides tourists to easily tour Belgrade. You can enjoy in various contents this city has to offer: museums, theaters, galleries, restaurants, bars and rich nightlife.<\/p>\n<p style=\"text-align: justify;\"><em> On every corner of Belgrade people will welcome You with a smile because they&#8217;ve already been to TIMO-DENT, so should YOU!<\/em><\/p>\n<p>[\/vc_column_text][\/vc_column_inner][\/vc_row_inner][\/vc_column][\/vc_row]<\/p>\n<p><\/p>\n<\/div>","protected":false},"excerpt":{"rendered":"<p>[vc_row inner_container=&#8221;no&#8221; padding_top=&#8221;0&#8243; padding_bottom=&#8221;0&#8243;][vc_column css=&#8221;.vc_custom_1485369506582{margin-bottom: -40px !important;}&#8221;][rev_slider_vc alias=&#8221;beograd&#8221;][\/vc_column][\/vc_row][vc_row type=&#8221;image&#8221; bg_image=&#8221;8593&#8243;][vc_column][vc_row_inner][vc_column_inner][vc_column_text] \u201eDENTAL TOURIST\u201c best of both worlds-visit Belgrade\u00a0and take care of\u00a0Your dental problems. Dental tourism in Serbia is becoming more and more popular mean of teeth treatment and embellishment among\u00a0foreign patients. A lot has changed in the last couple of years, people travel more and the borders seem to be disappearing. [&hellip;]<\/p>\n","protected":false},"author":1,"featured_media":0,"parent":0,"menu_order":0,"comment_status":"closed","ping_status":"closed","template":"","meta":{"footnotes":""},"class_list":["post-17","page","type-page","status-publish","hentry"],"yoast_head":"<!-- This site is optimized with the Yoast SEO plugin v24.4 - https:\/\/yoast.com\/wordpress\/plugins\/seo\/ -->\n<title>Dental tourism - Timo-Dent<\/title>\n<meta name=\"description\" content=\"Stomatolo\u0161ki turizam ili Dental turizam u Srbiji postaje sve popularniji vid le\u010denja i ulep\u0161avanja zuba, na koji se odlu\u010duju pacijenti iz inostranstva.\" \/>\n<meta name=\"robots\" content=\"index, follow, max-snippet:-1, max-image-preview:large, max-video-preview:-1\" \/>\n<link rel=\"canonical\" href=\"https:\/\/www.timodent.com\/dental-turizam\/\" \/>\n<meta property=\"og:locale\" content=\"en_US\" \/>\n<meta property=\"og:type\" content=\"article\" \/>\n<meta property=\"og:title\" content=\"Dental turizam Beograd\" \/>\n<meta property=\"og:description\" content=\"Stomatolo\u0161ki turizam ili Dental turizam u Srbiji postaje sve popularniji vid le\u010denja i ulep\u0161avanja zuba, na koji se odlu\u010duju pacijenti iz inostranstva.\" \/>\n<meta property=\"og:url\" content=\"https:\/\/www.timodent.com\/dental-turizam\/\" \/>\n<meta property=\"og:site_name\" content=\"Timo-Dent\" \/>\n<meta property=\"article:publisher\" content=\"https:\/\/www.facebook.com\/Timo-dent-1706754609557789\/\" \/>\n<meta property=\"article:modified_time\" content=\"2020-09-29T09:23:39+00:00\" \/>\n<meta property=\"og:image\" content=\"https:\/\/www.timodent.com\/wp-content\/uploads\/2015\/12\/dental-turizam-1.jpg\" \/>\n\t<meta property=\"og:image:width\" content=\"1920\" \/>\n\t<meta property=\"og:image:height\" content=\"800\" \/>\n\t<meta property=\"og:image:type\" content=\"image\/jpeg\" \/>\n<meta name=\"twitter:card\" content=\"summary_large_image\" \/>\n<meta name=\"twitter:label1\" content=\"Est. reading time\" \/>\n\t<meta name=\"twitter:data1\" content=\"2 minutes\" \/>\n<script type=\"application\/ld+json\" class=\"yoast-schema-graph\">{\"@context\":\"https:\/\/schema.org\",\"@graph\":[{\"@type\":\"WebPage\",\"@id\":\"https:\/\/www.timodent.com\/dental-turizam\/\",\"url\":\"https:\/\/www.timodent.com\/dental-turizam\/\",\"name\":\"Dental tourism - Timo-Dent\",\"isPartOf\":{\"@id\":\"https:\/\/www.timodent.com\/#website\"},\"datePublished\":\"2015-11-30T09:15:53+00:00\",\"dateModified\":\"2020-09-29T09:23:39+00:00\",\"description\":\"Stomatolo\u0161ki turizam ili Dental turizam u Srbiji postaje sve popularniji vid le\u010denja i ulep\u0161avanja zuba, na koji se odlu\u010duju pacijenti iz inostranstva.\",\"breadcrumb\":{\"@id\":\"https:\/\/www.timodent.com\/dental-turizam\/#breadcrumb\"},\"inLanguage\":\"en-US\",\"potentialAction\":[{\"@type\":\"ReadAction\",\"target\":[\"https:\/\/www.timodent.com\/dental-turizam\/\"]}]},{\"@type\":\"BreadcrumbList\",\"@id\":\"https:\/\/www.timodent.com\/dental-turizam\/#breadcrumb\",\"itemListElement\":[{\"@type\":\"ListItem\",\"position\":1,\"name\":\"Home\",\"item\":\"https:\/\/www.timodent.com\/\"},{\"@type\":\"ListItem\",\"position\":2,\"name\":\"Dental turizam\"}]},{\"@type\":\"WebSite\",\"@id\":\"https:\/\/www.timodent.com\/#website\",\"url\":\"https:\/\/www.timodent.com\/\",\"name\":\"Timo-Dent\",\"description\":\"Stomatolo\u0161ka ordinacija Beograd\",\"publisher\":{\"@id\":\"https:\/\/www.timodent.com\/#organization\"},\"potentialAction\":[{\"@type\":\"SearchAction\",\"target\":{\"@type\":\"EntryPoint\",\"urlTemplate\":\"https:\/\/www.timodent.com\/?s={search_term_string}\"},\"query-input\":{\"@type\":\"PropertyValueSpecification\",\"valueRequired\":true,\"valueName\":\"search_term_string\"}}],\"inLanguage\":\"en-US\"},{\"@type\":\"Organization\",\"@id\":\"https:\/\/www.timodent.com\/#organization\",\"name\":\"Timo Dent\",\"url\":\"https:\/\/www.timodent.com\/\",\"logo\":{\"@type\":\"ImageObject\",\"inLanguage\":\"en-US\",\"@id\":\"https:\/\/www.timodent.com\/#\/schema\/logo\/image\/\",\"url\":\"https:\/\/www.timodent.com\/wp-content\/uploads\/2015\/12\/timo-dent-logo1.png\",\"contentUrl\":\"https:\/\/www.timodent.com\/wp-content\/uploads\/2015\/12\/timo-dent-logo1.png\",\"width\":225,\"height\":90,\"caption\":\"Timo Dent\"},\"image\":{\"@id\":\"https:\/\/www.timodent.com\/#\/schema\/logo\/image\/\"},\"sameAs\":[\"https:\/\/www.facebook.com\/Timo-dent-1706754609557789\/\",\"https:\/\/www.instagram.com\/timodent.bg\/\"]}]}<\/script>\n<!-- \/ Yoast SEO plugin. -->","yoast_head_json":{"title":"Dental tourism - Timo-Dent","description":"Stomatolo\u0161ki turizam ili Dental turizam u Srbiji postaje sve popularniji vid le\u010denja i ulep\u0161avanja zuba, na koji se odlu\u010duju pacijenti iz inostranstva.","robots":{"index":"index","follow":"follow","max-snippet":"max-snippet:-1","max-image-preview":"max-image-preview:large","max-video-preview":"max-video-preview:-1"},"canonical":"https:\/\/www.timodent.com\/dental-turizam\/","og_locale":"en_US","og_type":"article","og_title":"Dental turizam Beograd","og_description":"Stomatolo\u0161ki turizam ili Dental turizam u Srbiji postaje sve popularniji vid le\u010denja i ulep\u0161avanja zuba, na koji se odlu\u010duju pacijenti iz inostranstva.","og_url":"https:\/\/www.timodent.com\/dental-turizam\/","og_site_name":"Timo-Dent","article_publisher":"https:\/\/www.facebook.com\/Timo-dent-1706754609557789\/","article_modified_time":"2020-09-29T09:23:39+00:00","og_image":[{"width":1920,"height":800,"url":"https:\/\/www.timodent.com\/wp-content\/uploads\/2015\/12\/dental-turizam-1.jpg","type":"image\/jpeg"}],"twitter_card":"summary_large_image","twitter_misc":{"Est. reading time":"2 minutes"},"schema":{"@context":"https:\/\/schema.org","@graph":[{"@type":"WebPage","@id":"https:\/\/www.timodent.com\/dental-turizam\/","url":"https:\/\/www.timodent.com\/dental-turizam\/","name":"Dental tourism - Timo-Dent","isPartOf":{"@id":"https:\/\/www.timodent.com\/#website"},"datePublished":"2015-11-30T09:15:53+00:00","dateModified":"2020-09-29T09:23:39+00:00","description":"Stomatolo\u0161ki turizam ili Dental turizam u Srbiji postaje sve popularniji vid le\u010denja i ulep\u0161avanja zuba, na koji se odlu\u010duju pacijenti iz inostranstva.","breadcrumb":{"@id":"https:\/\/www.timodent.com\/dental-turizam\/#breadcrumb"},"inLanguage":"en-US","potentialAction":[{"@type":"ReadAction","target":["https:\/\/www.timodent.com\/dental-turizam\/"]}]},{"@type":"BreadcrumbList","@id":"https:\/\/www.timodent.com\/dental-turizam\/#breadcrumb","itemListElement":[{"@type":"ListItem","position":1,"name":"Home","item":"https:\/\/www.timodent.com\/"},{"@type":"ListItem","position":2,"name":"Dental turizam"}]},{"@type":"WebSite","@id":"https:\/\/www.timodent.com\/#website","url":"https:\/\/www.timodent.com\/","name":"Timo-Dent","description":"Stomatolo\u0161ka ordinacija Beograd","publisher":{"@id":"https:\/\/www.timodent.com\/#organization"},"potentialAction":[{"@type":"SearchAction","target":{"@type":"EntryPoint","urlTemplate":"https:\/\/www.timodent.com\/?s={search_term_string}"},"query-input":{"@type":"PropertyValueSpecification","valueRequired":true,"valueName":"search_term_string"}}],"inLanguage":"en-US"},{"@type":"Organization","@id":"https:\/\/www.timodent.com\/#organization","name":"Timo Dent","url":"https:\/\/www.timodent.com\/","logo":{"@type":"ImageObject","inLanguage":"en-US","@id":"https:\/\/www.timodent.com\/#\/schema\/logo\/image\/","url":"https:\/\/www.timodent.com\/wp-content\/uploads\/2015\/12\/timo-dent-logo1.png","contentUrl":"https:\/\/www.timodent.com\/wp-content\/uploads\/2015\/12\/timo-dent-logo1.png","width":225,"height":90,"caption":"Timo Dent"},"image":{"@id":"https:\/\/www.timodent.com\/#\/schema\/logo\/image\/"},"sameAs":["https:\/\/www.facebook.com\/Timo-dent-1706754609557789\/","https:\/\/www.instagram.com\/timodent.bg\/"]}]}},"_links":{"self":[{"href":"https:\/\/www.timodent.com\/en\/wp-json\/wp\/v2\/pages\/17","targetHints":{"allow":["GET"]}}],"collection":[{"href":"https:\/\/www.timodent.com\/en\/wp-json\/wp\/v2\/pages"}],"about":[{"href":"https:\/\/www.timodent.com\/en\/wp-json\/wp\/v2\/types\/page"}],"author":[{"embeddable":true,"href":"https:\/\/www.timodent.com\/en\/wp-json\/wp\/v2\/users\/1"}],"replies":[{"embeddable":true,"href":"https:\/\/www.timodent.com\/en\/wp-json\/wp\/v2\/comments?post=17"}],"version-history":[{"count":2,"href":"https:\/\/www.timodent.com\/en\/wp-json\/wp\/v2\/pages\/17\/revisions"}],"predecessor-version":[{"id":9093,"href":"https:\/\/www.timodent.com\/en\/wp-json\/wp\/v2\/pages\/17\/revisions\/9093"}],"wp:attachment":[{"href":"https:\/\/www.timodent.com\/en\/wp-json\/wp\/v2\/media?parent=17"}],"curies":[{"name":"wp","href":"https:\/\/api.w.org\/{rel}","templated":true}]}}