{"id":30,"date":"2014-02-02T12:15:43","date_gmt":"2014-02-02T12:15:43","guid":{"rendered":"http:\/\/seventhqueen.com\/themes\/kleo\/?page_id=30"},"modified":"2020-09-28T11:51:14","modified_gmt":"2020-09-28T09:51:14","slug":"stomatolog-beograd","status":"publish","type":"page","link":"https:\/\/www.timodent.com\/en\/stomatolog-beograd\/","title":{"rendered":"Contact"},"content":{"rendered":"<div class=\"wpb-content-wrapper\"><p>[vc_row inner_container=&#8221;no&#8221; type=&#8221;image&#8221; padding_top=&#8221;0&#8243; padding_bottom=&#8221;0&#8243; border=&#8221;none&#8221;][vc_column css=&#8221;.vc_custom_1485369634813{margin-bottom: -40px !important;}&#8221;][vc_gmaps link=&#8221;#E-8_JTNDaWZyYW1lJTIwc3JjJTNEJTIyaHR0cHMlM0ElMkYlMkZ3d3cuZ29vZ2xlLmNvbSUyRm1hcHMlMkZlbWJlZCUzRnBiJTNEJTIxMW0xOCUyMTFtMTIlMjExbTMlMjExZDI4MzEuMTA4NDgxMjk5NTg0JTIxMmQyMC40NzQ1NTE4MTU4MTk4MTUlMjEzZDQ0Ljc5ODk3Nzc4NTYwMzAyJTIxMm0zJTIxMWYwJTIxMmYwJTIxM2YwJTIxM20yJTIxMWkxMDI0JTIxMmk3NjglMjE0ZjEzLjElMjEzbTMlMjExbTIlMjExczB4NDc1YTcwNzQzNWIyMDA5MSUyNTNBMHgxMDMwYjUxNzg0YjAzNzgxJTIxMnowSnpRc05DNjBZSFF1TkM4MExBZzBKUFF2dEdBMExyUXZ0Q3pJREU1TENEUWtkQzEwTDdRczlHQTBMRFF0QSUyMTVlMCUyMTNtMiUyMTFzc3IlMjEyc3JzJTIxNHYxNDQ4OTE2ODAwOTg4JTIyJTIwd2lkdGglM0QlMjIxMDAlMjUlMjIlMjBoZWlnaHQlM0QlMjI0NTAlMjIlMjBmcmFtZWJvcmRlciUzRCUyMjAlMjIlMjBzdHlsZSUzRCUyMmJvcmRlciUzQTAlMjIlMjBhbGxvd2Z1bGxzY3JlZW4lM0UlM0MlMkZpZnJhbWUlM0U=&#8221; size=&#8221;350&#8243; type=&#8221;m&#8221; zoom=&#8221;14&#8243;][\/vc_column][\/vc_row][vc_row type=&#8221;image&#8221; padding_bottom=&#8221;20&#8243; bg_image=&#8221;8595&#8243;][vc_column width=&#8221;1\/2&#8243;][vc_column_text animation=&#8221;animate-when-almost-visible&#8221; css_animation=&#8221;left-to-right&#8221;]\n<div class=\"wpcf7 no-js\" id=\"wpcf7-f8970-o2\" lang=\"sr-RS\" dir=\"ltr\" data-wpcf7-id=\"8970\">\n<div class=\"screen-reader-response\"><p role=\"status\" aria-live=\"polite\" aria-atomic=\"true\"><\/p> <ul><\/ul><\/div>\n<form action=\"\/en\/wp-json\/wp\/v2\/pages\/30#wpcf7-f8970-o2\" method=\"post\" class=\"wpcf7-form init\" aria-label=\"Contact form\" novalidate=\"novalidate\" data-status=\"init\">\n<div style=\"display: none;\">\n<input type=\"hidden\" name=\"_wpcf7\" value=\"8970\" \/>\n<input type=\"hidden\" name=\"_wpcf7_version\" value=\"6.0.3\" \/>\n<input type=\"hidden\" name=\"_wpcf7_locale\" value=\"sr_RS\" \/>\n<input type=\"hidden\" name=\"_wpcf7_unit_tag\" value=\"wpcf7-f8970-o2\" \/>\n<input type=\"hidden\" name=\"_wpcf7_container_post\" value=\"0\" \/>\n<input type=\"hidden\" name=\"_wpcf7_posted_data_hash\" value=\"\" \/>\n<\/div>\n<div id=\"responsive-form\" class=\"clearfix\">\n\t<div class=\"form-row\">\n\t\t<div class=\"column-half\">\n\t\t\t<p>Your name* <span class=\"wpcf7-form-control-wrap\" data-name=\"your-name\"><input size=\"40\" maxlength=\"400\" class=\"wpcf7-form-control wpcf7-text wpcf7-validates-as-required\" aria-required=\"true\" aria-invalid=\"false\" value=\"\" type=\"text\" name=\"your-name\" \/><\/span>\n\t\t\t<\/p>\n\t\t<\/div>\n\t\t<div class=\"column-half\">\n\t\t\t<p>E-mail* <span class=\"wpcf7-form-control-wrap\" data-name=\"your-email\"><input size=\"40\" maxlength=\"400\" class=\"wpcf7-form-control wpcf7-email wpcf7-validates-as-required wpcf7-text wpcf7-validates-as-email\" aria-required=\"true\" aria-invalid=\"false\" value=\"\" type=\"email\" name=\"your-email\" \/><\/span>\n\t\t\t<\/p>\n\t\t<\/div>\n\t<\/div>\n\t<div class=\"form-row\">\n\t\t<div class=\"column-half\">\n\t\t\t<p>Your phone <span class=\"wpcf7-form-control-wrap\" data-name=\"tel-267\"><input size=\"40\" maxlength=\"400\" class=\"wpcf7-form-control wpcf7-tel wpcf7-validates-as-required wpcf7-text wpcf7-validates-as-tel\" aria-required=\"true\" aria-invalid=\"false\" value=\"\" type=\"tel\" name=\"tel-267\" \/><\/span>\n\t\t\t<\/p>\n\t\t<\/div>\n\t\t<div class=\"column-half\">\n\t\t\t<p>Make an appointment* <span class=\"wpcf7-form-control-wrap\" data-name=\"date-830\"><input class=\"wpcf7-form-control wpcf7-date wpcf7-validates-as-required wpcf7-validates-as-date\" aria-required=\"true\" aria-invalid=\"false\" value=\"\" type=\"date\" name=\"date-830\" \/><\/span>\n\t\t\t<\/p>\n\t\t<\/div>\n\t<\/div>\n\t<div class=\"form-row\">\n\t\t<div class=\"column-full\">\n\t\t\t<p>Additional message <span class=\"wpcf7-form-control-wrap\" data-name=\"your-message\"><textarea cols=\"40\" rows=\"10\" maxlength=\"2000\" class=\"wpcf7-form-control wpcf7-textarea\" aria-invalid=\"false\" name=\"your-message\"><\/textarea><\/span>\n\t\t\t<\/p>\n\t\t<\/div>\n\t<\/div>\n\t<div class=\"form-row\">\n\t\t<div class=\"column-full\">\n\t\t\t<p><input class=\"wpcf7-form-control wpcf7-submit has-spinner\" type=\"submit\" value=\"Send\" \/>\n\t\t\t<\/p>\n\t\t<\/div>\n\t<\/div>\n<\/div><div class=\"wpcf7-response-output\" aria-hidden=\"true\"><\/div>\n<\/form>\n<\/div>\n[\/vc_column_text][\/vc_column][vc_column width=&#8221;1\/2&#8243;][vc_column_text animation=&#8221;animate-when-almost-visible&#8221;]<\/p>\n<h2>Dental ordination<\/h2>\n<h2><strong>TIMO-DENT<\/strong><\/h2>\n<p>Maksima Gorkog 19, Belgrade, Serbia<\/p>\n<p><strong>+381 11\/ 2450 389<br \/>\n+381 65\/ 252 \u00a050 55<\/strong><\/p>\n<p>info@timodent.com<br \/>\nnatasatimo@gmail.com<\/p>\n<p>Business hours:<br \/>\nMonday &#8211; friday:<strong> 08:00 &#8211; 20:00<\/strong><br \/>\nSaturday: <strong>non working<\/strong><br \/>\nSunday: <strong>non working<\/strong>[\/vc_column_text][vc_column_text animation=&#8221;animate-when-almost-visible&#8221;]<strong>Appointments<\/strong><br \/>\nWe offer you a free appointment every six months, all in order to retain the health of your teeth and mouth, thus your general health.[\/vc_column_text][\/vc_column][\/vc_row]<\/p>\n<\/div>","protected":false},"excerpt":{"rendered":"<p>[vc_row inner_container=&#8221;no&#8221; type=&#8221;image&#8221; padding_top=&#8221;0&#8243; padding_bottom=&#8221;0&#8243; border=&#8221;none&#8221;][vc_column css=&#8221;.vc_custom_1485369634813{margin-bottom: -40px !important;}&#8221;][vc_gmaps link=&#8221;#E-8_JTNDaWZyYW1lJTIwc3JjJTNEJTIyaHR0cHMlM0ElMkYlMkZ3d3cuZ29vZ2xlLmNvbSUyRm1hcHMlMkZlbWJlZCUzRnBiJTNEJTIxMW0xOCUyMTFtMTIlMjExbTMlMjExZDI4MzEuMTA4NDgxMjk5NTg0JTIxMmQyMC40NzQ1NTE4MTU4MTk4MTUlMjEzZDQ0Ljc5ODk3Nzc4NTYwMzAyJTIxMm0zJTIxMWYwJTIxMmYwJTIxM2YwJTIxM20yJTIxMWkxMDI0JTIxMmk3NjglMjE0ZjEzLjElMjEzbTMlMjExbTIlMjExczB4NDc1YTcwNzQzNWIyMDA5MSUyNTNBMHgxMDMwYjUxNzg0YjAzNzgxJTIxMnowSnpRc05DNjBZSFF1TkM4MExBZzBKUFF2dEdBMExyUXZ0Q3pJREU1TENEUWtkQzEwTDdRczlHQTBMRFF0QSUyMTVlMCUyMTNtMiUyMTFzc3IlMjEyc3JzJTIxNHYxNDQ4OTE2ODAwOTg4JTIyJTIwd2lkdGglM0QlMjIxMDAlMjUlMjIlMjBoZWlnaHQlM0QlMjI0NTAlMjIlMjBmcmFtZWJvcmRlciUzRCUyMjAlMjIlMjBzdHlsZSUzRCUyMmJvcmRlciUzQTAlMjIlMjBhbGxvd2Z1bGxzY3JlZW4lM0UlM0MlMkZpZnJhbWUlM0U=&#8221; size=&#8221;350&#8243; type=&#8221;m&#8221; zoom=&#8221;14&#8243;][\/vc_column][\/vc_row][vc_row type=&#8221;image&#8221; padding_bottom=&#8221;20&#8243; bg_image=&#8221;8595&#8243;][vc_column width=&#8221;1\/2&#8243;][vc_column_text animation=&#8221;animate-when-almost-visible&#8221; css_animation=&#8221;left-to-right&#8221;][\/vc_column_text][\/vc_column][vc_column width=&#8221;1\/2&#8243;][vc_column_text animation=&#8221;animate-when-almost-visible&#8221;] Dental ordination TIMO-DENT Maksima Gorkog 19, Belgrade, Serbia +381 11\/ 2450 389 +381 65\/ 252 \u00a050 55 info@timodent.com natasatimo@gmail.com Business hours: Monday &#8211; friday: 08:00 &#8211; 20:00 Saturday: non working Sunday: non working[\/vc_column_text][vc_column_text animation=&#8221;animate-when-almost-visible&#8221;]Appointments We offer you a free [&hellip;]<\/p>\n","protected":false},"author":1,"featured_media":0,"parent":0,"menu_order":0,"comment_status":"open","ping_status":"open","template":"page-templates\/full-width.php","meta":{"footnotes":""},"class_list":["post-30","page","type-page","status-publish","hentry"],"yoast_head":"<!-- This site is optimized with the Yoast SEO plugin v24.4 - https:\/\/yoast.com\/wordpress\/plugins\/seo\/ -->\n<title>Stomatolog Beograd Timo-Dent<\/title>\n<meta name=\"description\" content=\"Ako imate stomatolo\u0161kih problema i \u017eivite u Beogradu Va\u0161 STOMATOLOG Timo-Dent ima re\u0161enje. Stru\u010dno osoblje, prijatno okru\u017eenje, dugogodi\u0161nje iskustvo.\" \/>\n<meta name=\"robots\" content=\"index, follow, max-snippet:-1, max-image-preview:large, max-video-preview:-1\" \/>\n<link rel=\"canonical\" href=\"https:\/\/www.timodent.com\/stomatolog-beograd\/\" \/>\n<meta property=\"og:locale\" content=\"en_US\" \/>\n<meta property=\"og:type\" content=\"article\" \/>\n<meta property=\"og:title\" content=\"Timo Dent Kontakt podaci\" \/>\n<meta property=\"og:description\" content=\"Ako imate stomatolo\u0161kih problema i \u017eivite u Beogradu Va\u0161 STOMATOLOG Timo-Dent ima re\u0161enje. Stru\u010dno osoblje, prijatno okru\u017eenje, dugogodi\u0161nje iskustvo.\" \/>\n<meta property=\"og:url\" content=\"https:\/\/www.timodent.com\/stomatolog-beograd\/\" \/>\n<meta property=\"og:site_name\" content=\"Timo-Dent\" \/>\n<meta property=\"article:publisher\" content=\"https:\/\/www.facebook.com\/Timo-dent-1706754609557789\/\" \/>\n<meta property=\"article:modified_time\" content=\"2020-09-28T09:51:14+00:00\" \/>\n<meta property=\"og:image\" content=\"https:\/\/www.timodent.com\/wp-content\/uploads\/2015\/06\/natasa-timotijevic-e1449868030404.jpg\" \/>\n\t<meta property=\"og:image:width\" content=\"800\" \/>\n\t<meta property=\"og:image:height\" content=\"1200\" \/>\n\t<meta property=\"og:image:type\" content=\"image\/jpeg\" \/>\n<meta name=\"twitter:card\" content=\"summary_large_image\" \/>\n<meta name=\"twitter:label1\" content=\"Est. reading time\" \/>\n\t<meta name=\"twitter:data1\" content=\"2 minutes\" \/>\n<script type=\"application\/ld+json\" class=\"yoast-schema-graph\">{\"@context\":\"https:\/\/schema.org\",\"@graph\":[{\"@type\":\"WebPage\",\"@id\":\"https:\/\/www.timodent.com\/stomatolog-beograd\/\",\"url\":\"https:\/\/www.timodent.com\/stomatolog-beograd\/\",\"name\":\"Stomatolog Beograd Timo-Dent\",\"isPartOf\":{\"@id\":\"https:\/\/www.timodent.com\/#website\"},\"datePublished\":\"2014-02-02T12:15:43+00:00\",\"dateModified\":\"2020-09-28T09:51:14+00:00\",\"description\":\"Ako imate stomatolo\u0161kih problema i \u017eivite u Beogradu Va\u0161 STOMATOLOG Timo-Dent ima re\u0161enje. Stru\u010dno osoblje, prijatno okru\u017eenje, dugogodi\u0161nje iskustvo.\",\"breadcrumb\":{\"@id\":\"https:\/\/www.timodent.com\/stomatolog-beograd\/#breadcrumb\"},\"inLanguage\":\"en-US\",\"potentialAction\":[{\"@type\":\"ReadAction\",\"target\":[\"https:\/\/www.timodent.com\/stomatolog-beograd\/\"]}]},{\"@type\":\"BreadcrumbList\",\"@id\":\"https:\/\/www.timodent.com\/stomatolog-beograd\/#breadcrumb\",\"itemListElement\":[{\"@type\":\"ListItem\",\"position\":1,\"name\":\"Home\",\"item\":\"https:\/\/www.timodent.com\/\"},{\"@type\":\"ListItem\",\"position\":2,\"name\":\"Kontakt\"}]},{\"@type\":\"WebSite\",\"@id\":\"https:\/\/www.timodent.com\/#website\",\"url\":\"https:\/\/www.timodent.com\/\",\"name\":\"Timo-Dent\",\"description\":\"Stomatolo\u0161ka ordinacija Beograd\",\"publisher\":{\"@id\":\"https:\/\/www.timodent.com\/#organization\"},\"potentialAction\":[{\"@type\":\"SearchAction\",\"target\":{\"@type\":\"EntryPoint\",\"urlTemplate\":\"https:\/\/www.timodent.com\/?s={search_term_string}\"},\"query-input\":{\"@type\":\"PropertyValueSpecification\",\"valueRequired\":true,\"valueName\":\"search_term_string\"}}],\"inLanguage\":\"en-US\"},{\"@type\":\"Organization\",\"@id\":\"https:\/\/www.timodent.com\/#organization\",\"name\":\"Timo Dent\",\"url\":\"https:\/\/www.timodent.com\/\",\"logo\":{\"@type\":\"ImageObject\",\"inLanguage\":\"en-US\",\"@id\":\"https:\/\/www.timodent.com\/#\/schema\/logo\/image\/\",\"url\":\"https:\/\/www.timodent.com\/wp-content\/uploads\/2015\/12\/timo-dent-logo1.png\",\"contentUrl\":\"https:\/\/www.timodent.com\/wp-content\/uploads\/2015\/12\/timo-dent-logo1.png\",\"width\":225,\"height\":90,\"caption\":\"Timo Dent\"},\"image\":{\"@id\":\"https:\/\/www.timodent.com\/#\/schema\/logo\/image\/\"},\"sameAs\":[\"https:\/\/www.facebook.com\/Timo-dent-1706754609557789\/\",\"https:\/\/www.instagram.com\/timodent.bg\/\"]}]}<\/script>\n<!-- \/ Yoast SEO plugin. -->","yoast_head_json":{"title":"Stomatolog Beograd Timo-Dent","description":"Ako imate stomatolo\u0161kih problema i \u017eivite u Beogradu Va\u0161 STOMATOLOG Timo-Dent ima re\u0161enje. Stru\u010dno osoblje, prijatno okru\u017eenje, dugogodi\u0161nje iskustvo.","robots":{"index":"index","follow":"follow","max-snippet":"max-snippet:-1","max-image-preview":"max-image-preview:large","max-video-preview":"max-video-preview:-1"},"canonical":"https:\/\/www.timodent.com\/stomatolog-beograd\/","og_locale":"en_US","og_type":"article","og_title":"Timo Dent Kontakt podaci","og_description":"Ako imate stomatolo\u0161kih problema i \u017eivite u Beogradu Va\u0161 STOMATOLOG Timo-Dent ima re\u0161enje. Stru\u010dno osoblje, prijatno okru\u017eenje, dugogodi\u0161nje iskustvo.","og_url":"https:\/\/www.timodent.com\/stomatolog-beograd\/","og_site_name":"Timo-Dent","article_publisher":"https:\/\/www.facebook.com\/Timo-dent-1706754609557789\/","article_modified_time":"2020-09-28T09:51:14+00:00","og_image":[{"width":800,"height":1200,"url":"https:\/\/www.timodent.com\/wp-content\/uploads\/2015\/06\/natasa-timotijevic-e1449868030404.jpg","type":"image\/jpeg"}],"twitter_card":"summary_large_image","twitter_misc":{"Est. reading time":"2 minutes"},"schema":{"@context":"https:\/\/schema.org","@graph":[{"@type":"WebPage","@id":"https:\/\/www.timodent.com\/stomatolog-beograd\/","url":"https:\/\/www.timodent.com\/stomatolog-beograd\/","name":"Stomatolog Beograd Timo-Dent","isPartOf":{"@id":"https:\/\/www.timodent.com\/#website"},"datePublished":"2014-02-02T12:15:43+00:00","dateModified":"2020-09-28T09:51:14+00:00","description":"Ako imate stomatolo\u0161kih problema i \u017eivite u Beogradu Va\u0161 STOMATOLOG Timo-Dent ima re\u0161enje. Stru\u010dno osoblje, prijatno okru\u017eenje, dugogodi\u0161nje iskustvo.","breadcrumb":{"@id":"https:\/\/www.timodent.com\/stomatolog-beograd\/#breadcrumb"},"inLanguage":"en-US","potentialAction":[{"@type":"ReadAction","target":["https:\/\/www.timodent.com\/stomatolog-beograd\/"]}]},{"@type":"BreadcrumbList","@id":"https:\/\/www.timodent.com\/stomatolog-beograd\/#breadcrumb","itemListElement":[{"@type":"ListItem","position":1,"name":"Home","item":"https:\/\/www.timodent.com\/"},{"@type":"ListItem","position":2,"name":"Kontakt"}]},{"@type":"WebSite","@id":"https:\/\/www.timodent.com\/#website","url":"https:\/\/www.timodent.com\/","name":"Timo-Dent","description":"Stomatolo\u0161ka ordinacija Beograd","publisher":{"@id":"https:\/\/www.timodent.com\/#organization"},"potentialAction":[{"@type":"SearchAction","target":{"@type":"EntryPoint","urlTemplate":"https:\/\/www.timodent.com\/?s={search_term_string}"},"query-input":{"@type":"PropertyValueSpecification","valueRequired":true,"valueName":"search_term_string"}}],"inLanguage":"en-US"},{"@type":"Organization","@id":"https:\/\/www.timodent.com\/#organization","name":"Timo Dent","url":"https:\/\/www.timodent.com\/","logo":{"@type":"ImageObject","inLanguage":"en-US","@id":"https:\/\/www.timodent.com\/#\/schema\/logo\/image\/","url":"https:\/\/www.timodent.com\/wp-content\/uploads\/2015\/12\/timo-dent-logo1.png","contentUrl":"https:\/\/www.timodent.com\/wp-content\/uploads\/2015\/12\/timo-dent-logo1.png","width":225,"height":90,"caption":"Timo Dent"},"image":{"@id":"https:\/\/www.timodent.com\/#\/schema\/logo\/image\/"},"sameAs":["https:\/\/www.facebook.com\/Timo-dent-1706754609557789\/","https:\/\/www.instagram.com\/timodent.bg\/"]}]}},"_links":{"self":[{"href":"https:\/\/www.timodent.com\/en\/wp-json\/wp\/v2\/pages\/30","targetHints":{"allow":["GET"]}}],"collection":[{"href":"https:\/\/www.timodent.com\/en\/wp-json\/wp\/v2\/pages"}],"about":[{"href":"https:\/\/www.timodent.com\/en\/wp-json\/wp\/v2\/types\/page"}],"author":[{"embeddable":true,"href":"https:\/\/www.timodent.com\/en\/wp-json\/wp\/v2\/users\/1"}],"replies":[{"embeddable":true,"href":"https:\/\/www.timodent.com\/en\/wp-json\/wp\/v2\/comments?post=30"}],"version-history":[{"count":5,"href":"https:\/\/www.timodent.com\/en\/wp-json\/wp\/v2\/pages\/30\/revisions"}],"predecessor-version":[{"id":9071,"href":"https:\/\/www.timodent.com\/en\/wp-json\/wp\/v2\/pages\/30\/revisions\/9071"}],"wp:attachment":[{"href":"https:\/\/www.timodent.com\/en\/wp-json\/wp\/v2\/media?parent=30"}],"curies":[{"name":"wp","href":"https:\/\/api.w.org\/{rel}","templated":true}]}}