{"id":8,"date":"2015-11-30T10:06:10","date_gmt":"2015-11-30T09:06:10","guid":{"rendered":"http:\/\/www.timodent.com\/?page_id=8"},"modified":"2020-09-28T12:13:25","modified_gmt":"2020-09-28T10:13:25","slug":"stomatoloske-usluge","status":"publish","type":"page","link":"https:\/\/www.timodent.com\/en\/stomatoloske-usluge\/","title":{"rendered":"Stomatolo\u0161ke usluge"},"content":{"rendered":"<div class=\"wpb-content-wrapper\"><p>[vc_row type=&#8221;image&#8221; bg_image=&#8221;8595&#8243;][vc_column][vc_row_inner][vc_column_inner width=&#8221;1\/3&#8243;][vc_column_text animation=&#8221;animate-when-visible&#8221; css_animation=&#8221;left-to-right&#8221;]STOMATOLO\u0160KA PROTETIKA:<\/p>\n<ul>\n<li>Bezmetalne krunice<\/li>\n<li>Metalokerami\u010dke krunice<\/li>\n<li>Estetske fasete (veneers)<\/li>\n<li>Totalne i parcijalne plo\u010daste proteze<\/li>\n<li>Skeletirane proteze<\/li>\n<li>Protetske nadoknade na implantantima<\/li>\n<li>Folije za bruksizam<\/li>\n<\/ul>\n<p>DE\u010cIJA I PREVENTIVNA STOMATOLOGIJA:<\/p>\n<ul>\n<li>Uklanjanje mekih naslaga<\/li>\n<li>Zalivanje fisura<\/li>\n<li>Fluorisanje zuba<\/li>\n<li>Le\u010denje i plombiranje mle\u010dnih zuba<\/li>\n<li>Va\u0111enje mle\u010dnih zuba<\/li>\n<\/ul>\n<p>ORALNA HIRURGIJA:<\/p>\n<ul>\n<li>Rutinsko i komplikovano va\u0111enje zuba<\/li>\n<li>Va\u0111enje impaktiranih zuba<\/li>\n<li>Resekcija korena zuba<\/li>\n<li>Apikotomija<\/li>\n<li>Hirur\u0161ko zatvaranje sinusa<\/li>\n<\/ul>\n<p>[\/vc_column_text][\/vc_column_inner][vc_column_inner width=&#8221;1\/3&#8243;][vc_column_text animation=&#8221;animate-when-visible&#8221; css_animation=&#8221;left-to-right&#8221;]IMPLANTOLOGIJA:<\/p>\n<ul>\n<li>Ugradnja implantata<\/li>\n<li>Protetika na implantima<\/li>\n<\/ul>\n<p>LASER U\u00a0STOMATOLOGIJI<\/p>\n<p>ESTETSKA STOMATOLOGIJA:<\/p>\n<ul>\n<li>Izbeljivanje vitalnih i avitalnih zuba<\/li>\n<li>Estetske fasete<\/li>\n<li>Nakit za zube<\/li>\n<li>Estetski fileri<\/li>\n<\/ul>\n<p>ORTODONCIJA:<\/p>\n<ul>\n<li>Pokretni ortodontski aparati<\/li>\n<li>Fiksni aparati sa nikl-titanijumskim bravicama<\/li>\n<li>Fiksni aparati sa estetskim bravicama<\/li>\n<\/ul>\n<p>FOTOTERMALNA METODA<\/p>\n<ul>\n<li>neinvazivna metoda u le\u010denju parodontopatije i periimplantitisa<\/li>\n<\/ul>\n<p>[\/vc_column_text][\/vc_column_inner][vc_column_inner width=&#8221;1\/3&#8243;][vc_column_text animation=&#8221;animate-when-visible&#8221; css_animation=&#8221;left-to-right&#8221;]\n<div class=\"wpcf7 no-js\" id=\"wpcf7-f8660-o2\" lang=\"sr-RS\" dir=\"ltr\" data-wpcf7-id=\"8660\">\n<div class=\"screen-reader-response\"><p role=\"status\" aria-live=\"polite\" aria-atomic=\"true\"><\/p> <ul><\/ul><\/div>\n<form action=\"\/en\/wp-json\/wp\/v2\/pages\/8#wpcf7-f8660-o2\" method=\"post\" class=\"wpcf7-form init\" aria-label=\"Contact form\" novalidate=\"novalidate\" data-status=\"init\">\n<div style=\"display: none;\">\n<input type=\"hidden\" name=\"_wpcf7\" value=\"8660\" \/>\n<input type=\"hidden\" name=\"_wpcf7_version\" value=\"6.0.3\" \/>\n<input type=\"hidden\" name=\"_wpcf7_locale\" value=\"sr_RS\" \/>\n<input type=\"hidden\" name=\"_wpcf7_unit_tag\" value=\"wpcf7-f8660-o2\" \/>\n<input type=\"hidden\" name=\"_wpcf7_container_post\" value=\"0\" \/>\n<input type=\"hidden\" name=\"_wpcf7_posted_data_hash\" value=\"\" \/>\n<\/div>\n<div id=\"responsive-form\" class=\"clearfix\">\n\t<div class=\"form-row\">\n\t\t<div class=\"column-half\">\n\t\t\t<p>Va\u0161e puno ime* <span class=\"wpcf7-form-control-wrap\" data-name=\"your-name\"><input size=\"40\" maxlength=\"400\" class=\"wpcf7-form-control wpcf7-text wpcf7-validates-as-required\" aria-required=\"true\" aria-invalid=\"false\" value=\"\" type=\"text\" name=\"your-name\" \/><\/span>\n\t\t\t<\/p>\n\t\t<\/div>\n\t\t<div class=\"column-half\">\n\t\t\t<p>E-mail* <span class=\"wpcf7-form-control-wrap\" data-name=\"your-email\"><input size=\"40\" maxlength=\"400\" class=\"wpcf7-form-control wpcf7-email wpcf7-validates-as-required wpcf7-text wpcf7-validates-as-email\" aria-required=\"true\" aria-invalid=\"false\" value=\"\" type=\"email\" name=\"your-email\" \/><\/span>\n\t\t\t<\/p>\n\t\t<\/div>\n\t<\/div>\n\t<div class=\"form-row\">\n\t\t<div class=\"column-half\">\n\t\t\t<p>Telefon <span class=\"wpcf7-form-control-wrap\" data-name=\"tel-267\"><input size=\"40\" maxlength=\"400\" class=\"wpcf7-form-control wpcf7-tel wpcf7-validates-as-required wpcf7-text wpcf7-validates-as-tel\" aria-required=\"true\" aria-invalid=\"false\" value=\"\" type=\"tel\" name=\"tel-267\" \/><\/span>\n\t\t\t<\/p>\n\t\t<\/div>\n\t\t<div class=\"column-half\">\n\t\t\t<p>Datum termina* <span class=\"wpcf7-form-control-wrap\" data-name=\"date-830\"><input class=\"wpcf7-form-control wpcf7-date wpcf7-validates-as-required wpcf7-validates-as-date\" aria-required=\"true\" aria-invalid=\"false\" value=\"\" type=\"date\" name=\"date-830\" \/><\/span>\n\t\t\t<\/p>\n\t\t<\/div>\n\t<\/div>\n\t<div class=\"form-row\">\n\t\t<div class=\"column-full\">\n\t\t\t<p>Dodatna poruka <span class=\"wpcf7-form-control-wrap\" data-name=\"your-message\"><textarea cols=\"40\" rows=\"10\" maxlength=\"2000\" class=\"wpcf7-form-control wpcf7-textarea\" aria-invalid=\"false\" name=\"your-message\"><\/textarea><\/span>\n\t\t\t<\/p>\n\t\t<\/div>\n\t<\/div>\n\t<div class=\"form-row\">\n\t\t<div class=\"column-full\">\n\t\t\t<p><input class=\"wpcf7-form-control wpcf7-submit has-spinner\" type=\"submit\" value=\"Po\u0161aljite\" \/>\n\t\t\t<\/p>\n\t\t<\/div>\n\t<\/div>\n<\/div><div class=\"wpcf7-response-output\" aria-hidden=\"true\"><\/div>\n<\/form>\n<\/div>\n[\/vc_column_text][\/vc_column_inner][\/vc_row_inner][vc_separator color=&#8221;chino&#8221; style=&#8221;shadow&#8221; border_width=&#8221;3&#8243;][vc_column_text]<\/p>\n<p style=\"text-align: center;\"><strong>Zaka\u017eite Va\u0161 pregled<\/strong><\/p>\n<p style=\"text-align: center;\">Pregledom \u0107emo ustanoviti o kakvom se va\u0161em stomatolo\u0161kom problemu radi.<\/p>\n<p style=\"text-align: center;\">U ordinaciji se pru\u017ea KOMPLETNA STOMATOLO\u0160KA USLUGA iz svih oblasti stomatologije.<\/p>\n<p style=\"text-align: center;\">Le\u010denje obavljaju specijalista stomatolo\u0161ke protetike, specijalista ortopedije vilica i specijalista oralne\u00a0hirurgije.<\/p>\n<h1 style=\"text-align: center; margin-top: -5px;\">Stomatolo\u0161ka ordinacija Timo-Dent<\/h1>\n<p>[\/vc_column_text][\/vc_column][vc_column][\/vc_column][\/vc_row]<\/p>\n<\/div>","protected":false},"excerpt":{"rendered":"<p>[vc_row type=&#8221;image&#8221; bg_image=&#8221;8595&#8243;][vc_column][vc_row_inner][vc_column_inner width=&#8221;1\/3&#8243;][vc_column_text animation=&#8221;animate-when-visible&#8221; css_animation=&#8221;left-to-right&#8221;]STOMATOLO\u0160KA PROTETIKA: Bezmetalne krunice Metalokerami\u010dke krunice Estetske fasete (veneers) Totalne i parcijalne plo\u010daste proteze Skeletirane proteze Protetske nadoknade na implantantima Folije za bruksizam DE\u010cIJA I PREVENTIVNA STOMATOLOGIJA: Uklanjanje mekih naslaga Zalivanje fisura Fluorisanje zuba Le\u010denje i plombiranje mle\u010dnih zuba Va\u0111enje mle\u010dnih zuba ORALNA HIRURGIJA: Rutinsko i komplikovano va\u0111enje zuba Va\u0111enje impaktiranih zuba Resekcija korena zuba [&hellip;]<\/p>\n","protected":false},"author":1,"featured_media":0,"parent":0,"menu_order":0,"comment_status":"closed","ping_status":"closed","template":"page-templates\/full-width.php","meta":{"footnotes":""},"class_list":["post-8","page","type-page","status-publish","hentry"],"yoast_head":"<!-- This site is optimized with the Yoast SEO plugin v24.4 - https:\/\/yoast.com\/wordpress\/plugins\/seo\/ -->\n<title>Stomatolo\u0161ke usluge - Timo-Dent<\/title>\n<meta name=\"description\" content=\"STOMATOLO\u0160KA PROTETIKA, IMPLANTOLOGIJA, DE\u010cIJA I PREVENTIVNA STOMATOLOGIJA, LASER U STOMATOLOGIJI, ESTETSKA STOMATOLOGIJA, ORTODONCIJA, ORALNA HIRURGIJA...\" \/>\n<meta name=\"robots\" content=\"index, follow, max-snippet:-1, max-image-preview:large, max-video-preview:-1\" \/>\n<link rel=\"canonical\" href=\"https:\/\/www.timodent.com\/stomatoloske-usluge\/\" \/>\n<meta property=\"og:locale\" content=\"en_US\" \/>\n<meta property=\"og:type\" content=\"article\" \/>\n<meta property=\"og:title\" content=\"Stomatolo\u0161ke usluge Timo-Dent\" \/>\n<meta property=\"og:description\" content=\"STOMATOLO\u0160KA PROTETIKA, IMPLANTOLOGIJA, DE\u010cIJA I PREVENTIVNA STOMATOLOGIJA, LASER U STOMATOLOGIJI, ESTETSKA STOMATOLOGIJA, ORTODONCIJA, ORALNA HIRURGIJA...\" \/>\n<meta property=\"og:url\" content=\"https:\/\/www.timodent.com\/stomatoloske-usluge\/\" \/>\n<meta property=\"og:site_name\" content=\"Timo-Dent\" \/>\n<meta property=\"article:publisher\" content=\"https:\/\/www.facebook.com\/Timo-dent-1706754609557789\/\" \/>\n<meta property=\"article:modified_time\" content=\"2020-09-28T10:13:25+00:00\" \/>\n<meta property=\"og:image\" content=\"https:\/\/www.timodent.com\/wp-content\/uploads\/2015\/12\/zubarska-ordinacija-beograd-5.jpg\" \/>\n\t<meta property=\"og:image:width\" content=\"1920\" \/>\n\t<meta property=\"og:image:height\" content=\"1280\" \/>\n\t<meta property=\"og:image:type\" content=\"image\/jpeg\" \/>\n<meta name=\"twitter:card\" content=\"summary_large_image\" \/>\n<meta name=\"twitter:label1\" content=\"Est. reading time\" \/>\n\t<meta name=\"twitter:data1\" content=\"4 minutes\" \/>\n<script type=\"application\/ld+json\" class=\"yoast-schema-graph\">{\"@context\":\"https:\/\/schema.org\",\"@graph\":[{\"@type\":\"WebPage\",\"@id\":\"https:\/\/www.timodent.com\/stomatoloske-usluge\/\",\"url\":\"https:\/\/www.timodent.com\/stomatoloske-usluge\/\",\"name\":\"Stomatolo\u0161ke usluge - Timo-Dent\",\"isPartOf\":{\"@id\":\"https:\/\/www.timodent.com\/#website\"},\"datePublished\":\"2015-11-30T09:06:10+00:00\",\"dateModified\":\"2020-09-28T10:13:25+00:00\",\"description\":\"STOMATOLO\u0160KA PROTETIKA, IMPLANTOLOGIJA, DE\u010cIJA I PREVENTIVNA STOMATOLOGIJA, LASER U STOMATOLOGIJI, ESTETSKA STOMATOLOGIJA, ORTODONCIJA, ORALNA HIRURGIJA...\",\"breadcrumb\":{\"@id\":\"https:\/\/www.timodent.com\/stomatoloske-usluge\/#breadcrumb\"},\"inLanguage\":\"en-US\",\"potentialAction\":[{\"@type\":\"ReadAction\",\"target\":[\"https:\/\/www.timodent.com\/stomatoloske-usluge\/\"]}]},{\"@type\":\"BreadcrumbList\",\"@id\":\"https:\/\/www.timodent.com\/stomatoloske-usluge\/#breadcrumb\",\"itemListElement\":[{\"@type\":\"ListItem\",\"position\":1,\"name\":\"Home\",\"item\":\"https:\/\/www.timodent.com\/\"},{\"@type\":\"ListItem\",\"position\":2,\"name\":\"Stomatolo\u0161ke usluge\"}]},{\"@type\":\"WebSite\",\"@id\":\"https:\/\/www.timodent.com\/#website\",\"url\":\"https:\/\/www.timodent.com\/\",\"name\":\"Timo-Dent\",\"description\":\"Stomatolo\u0161ka ordinacija Beograd\",\"publisher\":{\"@id\":\"https:\/\/www.timodent.com\/#organization\"},\"potentialAction\":[{\"@type\":\"SearchAction\",\"target\":{\"@type\":\"EntryPoint\",\"urlTemplate\":\"https:\/\/www.timodent.com\/?s={search_term_string}\"},\"query-input\":{\"@type\":\"PropertyValueSpecification\",\"valueRequired\":true,\"valueName\":\"search_term_string\"}}],\"inLanguage\":\"en-US\"},{\"@type\":\"Organization\",\"@id\":\"https:\/\/www.timodent.com\/#organization\",\"name\":\"Timo Dent\",\"url\":\"https:\/\/www.timodent.com\/\",\"logo\":{\"@type\":\"ImageObject\",\"inLanguage\":\"en-US\",\"@id\":\"https:\/\/www.timodent.com\/#\/schema\/logo\/image\/\",\"url\":\"https:\/\/www.timodent.com\/wp-content\/uploads\/2015\/12\/timo-dent-logo1.png\",\"contentUrl\":\"https:\/\/www.timodent.com\/wp-content\/uploads\/2015\/12\/timo-dent-logo1.png\",\"width\":225,\"height\":90,\"caption\":\"Timo Dent\"},\"image\":{\"@id\":\"https:\/\/www.timodent.com\/#\/schema\/logo\/image\/\"},\"sameAs\":[\"https:\/\/www.facebook.com\/Timo-dent-1706754609557789\/\",\"https:\/\/www.instagram.com\/timodent.bg\/\"]}]}<\/script>\n<!-- \/ Yoast SEO plugin. -->","yoast_head_json":{"title":"Stomatolo\u0161ke usluge - Timo-Dent","description":"STOMATOLO\u0160KA PROTETIKA, IMPLANTOLOGIJA, DE\u010cIJA I PREVENTIVNA STOMATOLOGIJA, LASER U STOMATOLOGIJI, ESTETSKA STOMATOLOGIJA, ORTODONCIJA, ORALNA HIRURGIJA...","robots":{"index":"index","follow":"follow","max-snippet":"max-snippet:-1","max-image-preview":"max-image-preview:large","max-video-preview":"max-video-preview:-1"},"canonical":"https:\/\/www.timodent.com\/stomatoloske-usluge\/","og_locale":"en_US","og_type":"article","og_title":"Stomatolo\u0161ke usluge Timo-Dent","og_description":"STOMATOLO\u0160KA PROTETIKA, IMPLANTOLOGIJA, DE\u010cIJA I PREVENTIVNA STOMATOLOGIJA, LASER U STOMATOLOGIJI, ESTETSKA STOMATOLOGIJA, ORTODONCIJA, ORALNA HIRURGIJA...","og_url":"https:\/\/www.timodent.com\/stomatoloske-usluge\/","og_site_name":"Timo-Dent","article_publisher":"https:\/\/www.facebook.com\/Timo-dent-1706754609557789\/","article_modified_time":"2020-09-28T10:13:25+00:00","og_image":[{"width":1920,"height":1280,"url":"https:\/\/www.timodent.com\/wp-content\/uploads\/2015\/12\/zubarska-ordinacija-beograd-5.jpg","type":"image\/jpeg"}],"twitter_card":"summary_large_image","twitter_misc":{"Est. reading time":"4 minutes"},"schema":{"@context":"https:\/\/schema.org","@graph":[{"@type":"WebPage","@id":"https:\/\/www.timodent.com\/stomatoloske-usluge\/","url":"https:\/\/www.timodent.com\/stomatoloske-usluge\/","name":"Stomatolo\u0161ke usluge - Timo-Dent","isPartOf":{"@id":"https:\/\/www.timodent.com\/#website"},"datePublished":"2015-11-30T09:06:10+00:00","dateModified":"2020-09-28T10:13:25+00:00","description":"STOMATOLO\u0160KA PROTETIKA, IMPLANTOLOGIJA, DE\u010cIJA I PREVENTIVNA STOMATOLOGIJA, LASER U STOMATOLOGIJI, ESTETSKA STOMATOLOGIJA, ORTODONCIJA, ORALNA HIRURGIJA...","breadcrumb":{"@id":"https:\/\/www.timodent.com\/stomatoloske-usluge\/#breadcrumb"},"inLanguage":"en-US","potentialAction":[{"@type":"ReadAction","target":["https:\/\/www.timodent.com\/stomatoloske-usluge\/"]}]},{"@type":"BreadcrumbList","@id":"https:\/\/www.timodent.com\/stomatoloske-usluge\/#breadcrumb","itemListElement":[{"@type":"ListItem","position":1,"name":"Home","item":"https:\/\/www.timodent.com\/"},{"@type":"ListItem","position":2,"name":"Stomatolo\u0161ke usluge"}]},{"@type":"WebSite","@id":"https:\/\/www.timodent.com\/#website","url":"https:\/\/www.timodent.com\/","name":"Timo-Dent","description":"Stomatolo\u0161ka ordinacija Beograd","publisher":{"@id":"https:\/\/www.timodent.com\/#organization"},"potentialAction":[{"@type":"SearchAction","target":{"@type":"EntryPoint","urlTemplate":"https:\/\/www.timodent.com\/?s={search_term_string}"},"query-input":{"@type":"PropertyValueSpecification","valueRequired":true,"valueName":"search_term_string"}}],"inLanguage":"en-US"},{"@type":"Organization","@id":"https:\/\/www.timodent.com\/#organization","name":"Timo Dent","url":"https:\/\/www.timodent.com\/","logo":{"@type":"ImageObject","inLanguage":"en-US","@id":"https:\/\/www.timodent.com\/#\/schema\/logo\/image\/","url":"https:\/\/www.timodent.com\/wp-content\/uploads\/2015\/12\/timo-dent-logo1.png","contentUrl":"https:\/\/www.timodent.com\/wp-content\/uploads\/2015\/12\/timo-dent-logo1.png","width":225,"height":90,"caption":"Timo Dent"},"image":{"@id":"https:\/\/www.timodent.com\/#\/schema\/logo\/image\/"},"sameAs":["https:\/\/www.facebook.com\/Timo-dent-1706754609557789\/","https:\/\/www.instagram.com\/timodent.bg\/"]}]}},"_links":{"self":[{"href":"https:\/\/www.timodent.com\/en\/wp-json\/wp\/v2\/pages\/8","targetHints":{"allow":["GET"]}}],"collection":[{"href":"https:\/\/www.timodent.com\/en\/wp-json\/wp\/v2\/pages"}],"about":[{"href":"https:\/\/www.timodent.com\/en\/wp-json\/wp\/v2\/types\/page"}],"author":[{"embeddable":true,"href":"https:\/\/www.timodent.com\/en\/wp-json\/wp\/v2\/users\/1"}],"replies":[{"embeddable":true,"href":"https:\/\/www.timodent.com\/en\/wp-json\/wp\/v2\/comments?post=8"}],"version-history":[{"count":7,"href":"https:\/\/www.timodent.com\/en\/wp-json\/wp\/v2\/pages\/8\/revisions"}],"predecessor-version":[{"id":9080,"href":"https:\/\/www.timodent.com\/en\/wp-json\/wp\/v2\/pages\/8\/revisions\/9080"}],"wp:attachment":[{"href":"https:\/\/www.timodent.com\/en\/wp-json\/wp\/v2\/media?parent=8"}],"curies":[{"name":"wp","href":"https:\/\/api.w.org\/{rel}","templated":true}]}}