{"id":9094,"date":"2020-09-29T11:28:20","date_gmt":"2020-09-29T09:28:20","guid":{"rendered":"https:\/\/www.timodent.com\/?page_id=9094"},"modified":"2020-09-29T11:43:57","modified_gmt":"2020-09-29T09:43:57","slug":"izbeljivanje-zuba-beograd","status":"publish","type":"page","link":"https:\/\/www.timodent.com\/en\/izbeljivanje-zuba-beograd\/","title":{"rendered":"Izbeljivanje zuba"},"content":{"rendered":"<p class=\"qtranxs-available-languages-message qtranxs-available-languages-message-en\">Sorry, this entry is only available in <a href=\"https:\/\/www.timodent.com\/sr\/wp-json\/wp\/v2\/pages\/9094\" class=\"qtranxs-available-language-link qtranxs-available-language-link-sr\" title=\"Srpski\">Srpski<\/a>. For the sake of viewer convenience, the content is shown below in the alternative language. You may click the link to switch the active language.<\/p><div class=\"wpb-content-wrapper\"><p>[vc_row type=&#8221;image&#8221; bg_image=&#8221;8593&#8243;][vc_column width=&#8221;1\/6&#8243;][\/vc_column][vc_column width=&#8221;2\/3&#8243;][vc_column_text animation=&#8221;animate-when-almost-visible&#8221; css_animation=&#8221;bottom-to-top&#8221;]<\/p>\n<h1 style=\"text-align: center;\">Izbeljivanje zuba<\/h1>\n<p>[\/vc_column_text][vc_text_separator title=&#8221;TIMO-DENT&#8221; color=&#8221;chino&#8221;][vc_column_text]<\/p>\n<p style=\"text-align: justify;\">Promena boja zuba je jedna od naj\u010de\u0161\u0107ih razloga, zbog kojih ljudi odlaze kod stomatologa. Izbeljivanje zuba je jedan od naj\u010de\u0161\u0107ih zahvata u stomatolo\u0161kim protokolima danas. Izbeljivanje zuba se smatra minimalno invazivnim postupkom u odnosu na direktne ispune ili kerami\u010dke fasete.<\/p>\n<h4 style=\"text-align: justify;\">Izbeljivanje se mo\u017ee sprovesti na dva na\u010dina:<\/h4>\n<p style=\"text-align: justify;\"><strong>Ku\u0107non tehnikom<\/strong><br \/>\n<strong>Ordinacijskom tehnikom<\/strong><\/p>\n<p style=\"text-align: justify;\"><strong>Kod ku\u0107ne tehnike,<\/strong> pacijent pod nadzorom stomatologa koristi individualne udlagu, u koju nanosi odre\u0111enu koli\u010dinu gela za izbeljivanje, obi\u010dno 10% do 16% CP (karbamid peroksida), svakodnevno od 1 do 8 sati u razdoblju od 21 dan. Pri tom, pacijent u svakom trenutku mo\u017ee prekinuti tehniku, ako je zadovoljan bojom zuba.<\/p>\n<p style=\"text-align: justify;\"><strong>Kod ordinacijskog izbeljivanja,<\/strong> nanosi se pod nadzorom stomatologa, sa ja\u010dim koncentracijama od 32% do 38% CP ili HP, u trajanju prose\u010dno od 60 minuta, s upotrebom lasera. Laser blagotvorno deluje na zubno tkivo, ne dolazi do zagrevanja pulpnog tkiva. Prvo se operu zubi, potom se nanese za\u0161tita za gingivu (desni, zubno meso) i nanosi gel u trajanju od 15 minuta. Potom se uklanja, ispira i postupak ponavlja tri puta. Pacijent je upu\u0107en i prati sam postupak izbeljivanja. Na kraju se zubi premazu zavr\u0161nom pastom. Sam postupak je bezbolan i omiljen kod pacijenata.<\/p>\n<h4 style=\"text-align: justify;\">Za\u0161to zubi menjaju boju?<\/h4>\n<p style=\"text-align: justify;\">Na boju zuba uti\u010du i spolja\u0161nji i unutra\u0161nji faktori. Spolja\u0161nji su kafa, crno vino, cigarete, kurkuma, cvekla&#8230;<br \/>\nUnutra\u0161nji faktori odnose se na oboljenje pulpnog tkiva i terapije koja podrazumeva le\u010denje kanala korena zuba. Kod nekih pacijenata je potrebna i kombinacija obe tehnike da bi se postigao zadovoljavaju\u0107i rezultat. Tako\u0111e, je va\u017eno napomenuti da i zubi kod kojih je izva\u0111en \u017eivac i promenio boju zuba, mogu\u0107e izbeliti i posti\u0107i \u017eeljeni rezultat. Treba napomenuti da su sve tehnike proverene, uspe\u0161ne i nisu \u0161tetne po zdravlje pacijenta ako se konsultujete sa iskusnim lekarom.<\/p>\n<h4 style=\"text-align: justify;\">Ko mo\u017ee da izbeljuje zube?<\/h4>\n<p style=\"text-align: justify;\">Izbeljivanje vole kako \u017eene tako i mu\u0161karci. Ne preporu\u0107uje se kod trudnica, dojilja i dece mla\u0111e od 16.godina. Izbeljivanje ima kumulativni efekat i \u0161to se vi\u0161e puta ponavlja, rezultati su bolji. Treba napomenuti da samo prirodni zubi mogu da se izbele. Zubi sa bilo kojim protetskoim radom ne mo\u017ee menjati boju na ovaj na\u010din.<\/p>\n<p>[\/vc_column_text][\/vc_column][vc_column width=&#8221;1\/6&#8243;][\/vc_column][\/vc_row]<\/p>\n<\/div>","protected":false},"excerpt":{"rendered":"<p>Sorry, this entry is only available in Srpski. For the sake of viewer convenience, the content is shown below in the alternative language. You may click the link to switch the active language.[vc_row type=&#8221;image&#8221; bg_image=&#8221;8593&#8243;][vc_column width=&#8221;1\/6&#8243;][\/vc_column][vc_column width=&#8221;2\/3&#8243;][vc_column_text animation=&#8221;animate-when-almost-visible&#8221; css_animation=&#8221;bottom-to-top&#8221;] Izbeljivanje zuba [\/vc_column_text][vc_text_separator title=&#8221;TIMO-DENT&#8221; color=&#8221;chino&#8221;][vc_column_text] Promena boja zuba je jedna od naj\u010de\u0161\u0107ih razloga, zbog kojih ljudi odlaze kod stomatologa. Izbeljivanje zuba [&hellip;]<\/p>\n","protected":false},"author":1,"featured_media":0,"parent":0,"menu_order":0,"comment_status":"closed","ping_status":"closed","template":"","meta":{"footnotes":""},"class_list":["post-9094","page","type-page","status-publish","hentry"],"yoast_head":"<!-- This site is optimized with the Yoast SEO plugin v24.4 - https:\/\/yoast.com\/wordpress\/plugins\/seo\/ -->\n<title>Izbeljivanje zuba - Timo-Dent Beograd<\/title>\n<meta name=\"description\" content=\"Izbeljivanje zuba se smatra minimalno invazivnim postupkom u odnosu na direktne ispune ili kerami\u010dke fasete.\" \/>\n<meta name=\"robots\" content=\"index, follow, max-snippet:-1, max-image-preview:large, max-video-preview:-1\" \/>\n<link rel=\"canonical\" href=\"https:\/\/www.timodent.com\/izbeljivanje-zuba-beograd\/\" \/>\n<meta property=\"og:locale\" content=\"en_US\" \/>\n<meta property=\"og:type\" content=\"article\" \/>\n<meta property=\"og:title\" content=\"Izbeljivanje zuba - Timo-Dent Beograd\" \/>\n<meta property=\"og:description\" content=\"Izbeljivanje zuba se smatra minimalno invazivnim postupkom u odnosu na direktne ispune ili kerami\u010dke fasete.\" \/>\n<meta property=\"og:url\" content=\"https:\/\/www.timodent.com\/izbeljivanje-zuba-beograd\/\" \/>\n<meta property=\"og:site_name\" content=\"Timo-Dent\" \/>\n<meta property=\"article:publisher\" content=\"https:\/\/www.facebook.com\/Timo-dent-1706754609557789\/\" \/>\n<meta property=\"article:modified_time\" content=\"2020-09-29T09:43:57+00:00\" \/>\n<meta name=\"twitter:card\" content=\"summary_large_image\" \/>\n<meta name=\"twitter:label1\" content=\"Est. reading time\" \/>\n\t<meta name=\"twitter:data1\" content=\"2 minutes\" \/>\n<script type=\"application\/ld+json\" class=\"yoast-schema-graph\">{\"@context\":\"https:\/\/schema.org\",\"@graph\":[{\"@type\":\"WebPage\",\"@id\":\"https:\/\/www.timodent.com\/izbeljivanje-zuba-beograd\/\",\"url\":\"https:\/\/www.timodent.com\/izbeljivanje-zuba-beograd\/\",\"name\":\"Izbeljivanje zuba - Timo-Dent Beograd\",\"isPartOf\":{\"@id\":\"https:\/\/www.timodent.com\/#website\"},\"datePublished\":\"2020-09-29T09:28:20+00:00\",\"dateModified\":\"2020-09-29T09:43:57+00:00\",\"description\":\"Izbeljivanje zuba se smatra minimalno invazivnim postupkom u odnosu na direktne ispune ili kerami\u010dke fasete.\",\"breadcrumb\":{\"@id\":\"https:\/\/www.timodent.com\/izbeljivanje-zuba-beograd\/#breadcrumb\"},\"inLanguage\":\"en-US\",\"potentialAction\":[{\"@type\":\"ReadAction\",\"target\":[\"https:\/\/www.timodent.com\/izbeljivanje-zuba-beograd\/\"]}]},{\"@type\":\"BreadcrumbList\",\"@id\":\"https:\/\/www.timodent.com\/izbeljivanje-zuba-beograd\/#breadcrumb\",\"itemListElement\":[{\"@type\":\"ListItem\",\"position\":1,\"name\":\"Home\",\"item\":\"https:\/\/www.timodent.com\/\"},{\"@type\":\"ListItem\",\"position\":2,\"name\":\"Izbeljivanje zuba\"}]},{\"@type\":\"WebSite\",\"@id\":\"https:\/\/www.timodent.com\/#website\",\"url\":\"https:\/\/www.timodent.com\/\",\"name\":\"Timo-Dent\",\"description\":\"Stomatolo\u0161ka ordinacija Beograd\",\"publisher\":{\"@id\":\"https:\/\/www.timodent.com\/#organization\"},\"potentialAction\":[{\"@type\":\"SearchAction\",\"target\":{\"@type\":\"EntryPoint\",\"urlTemplate\":\"https:\/\/www.timodent.com\/?s={search_term_string}\"},\"query-input\":{\"@type\":\"PropertyValueSpecification\",\"valueRequired\":true,\"valueName\":\"search_term_string\"}}],\"inLanguage\":\"en-US\"},{\"@type\":\"Organization\",\"@id\":\"https:\/\/www.timodent.com\/#organization\",\"name\":\"Timo Dent\",\"url\":\"https:\/\/www.timodent.com\/\",\"logo\":{\"@type\":\"ImageObject\",\"inLanguage\":\"en-US\",\"@id\":\"https:\/\/www.timodent.com\/#\/schema\/logo\/image\/\",\"url\":\"https:\/\/www.timodent.com\/wp-content\/uploads\/2015\/12\/timo-dent-logo1.png\",\"contentUrl\":\"https:\/\/www.timodent.com\/wp-content\/uploads\/2015\/12\/timo-dent-logo1.png\",\"width\":225,\"height\":90,\"caption\":\"Timo Dent\"},\"image\":{\"@id\":\"https:\/\/www.timodent.com\/#\/schema\/logo\/image\/\"},\"sameAs\":[\"https:\/\/www.facebook.com\/Timo-dent-1706754609557789\/\",\"https:\/\/www.instagram.com\/timodent.bg\/\"]}]}<\/script>\n<!-- \/ Yoast SEO plugin. -->","yoast_head_json":{"title":"Izbeljivanje zuba - Timo-Dent Beograd","description":"Izbeljivanje zuba se smatra minimalno invazivnim postupkom u odnosu na direktne ispune ili kerami\u010dke fasete.","robots":{"index":"index","follow":"follow","max-snippet":"max-snippet:-1","max-image-preview":"max-image-preview:large","max-video-preview":"max-video-preview:-1"},"canonical":"https:\/\/www.timodent.com\/izbeljivanje-zuba-beograd\/","og_locale":"en_US","og_type":"article","og_title":"Izbeljivanje zuba - Timo-Dent Beograd","og_description":"Izbeljivanje zuba se smatra minimalno invazivnim postupkom u odnosu na direktne ispune ili kerami\u010dke fasete.","og_url":"https:\/\/www.timodent.com\/izbeljivanje-zuba-beograd\/","og_site_name":"Timo-Dent","article_publisher":"https:\/\/www.facebook.com\/Timo-dent-1706754609557789\/","article_modified_time":"2020-09-29T09:43:57+00:00","twitter_card":"summary_large_image","twitter_misc":{"Est. reading time":"2 minutes"},"schema":{"@context":"https:\/\/schema.org","@graph":[{"@type":"WebPage","@id":"https:\/\/www.timodent.com\/izbeljivanje-zuba-beograd\/","url":"https:\/\/www.timodent.com\/izbeljivanje-zuba-beograd\/","name":"Izbeljivanje zuba - Timo-Dent Beograd","isPartOf":{"@id":"https:\/\/www.timodent.com\/#website"},"datePublished":"2020-09-29T09:28:20+00:00","dateModified":"2020-09-29T09:43:57+00:00","description":"Izbeljivanje zuba se smatra minimalno invazivnim postupkom u odnosu na direktne ispune ili kerami\u010dke fasete.","breadcrumb":{"@id":"https:\/\/www.timodent.com\/izbeljivanje-zuba-beograd\/#breadcrumb"},"inLanguage":"en-US","potentialAction":[{"@type":"ReadAction","target":["https:\/\/www.timodent.com\/izbeljivanje-zuba-beograd\/"]}]},{"@type":"BreadcrumbList","@id":"https:\/\/www.timodent.com\/izbeljivanje-zuba-beograd\/#breadcrumb","itemListElement":[{"@type":"ListItem","position":1,"name":"Home","item":"https:\/\/www.timodent.com\/"},{"@type":"ListItem","position":2,"name":"Izbeljivanje zuba"}]},{"@type":"WebSite","@id":"https:\/\/www.timodent.com\/#website","url":"https:\/\/www.timodent.com\/","name":"Timo-Dent","description":"Stomatolo\u0161ka ordinacija Beograd","publisher":{"@id":"https:\/\/www.timodent.com\/#organization"},"potentialAction":[{"@type":"SearchAction","target":{"@type":"EntryPoint","urlTemplate":"https:\/\/www.timodent.com\/?s={search_term_string}"},"query-input":{"@type":"PropertyValueSpecification","valueRequired":true,"valueName":"search_term_string"}}],"inLanguage":"en-US"},{"@type":"Organization","@id":"https:\/\/www.timodent.com\/#organization","name":"Timo Dent","url":"https:\/\/www.timodent.com\/","logo":{"@type":"ImageObject","inLanguage":"en-US","@id":"https:\/\/www.timodent.com\/#\/schema\/logo\/image\/","url":"https:\/\/www.timodent.com\/wp-content\/uploads\/2015\/12\/timo-dent-logo1.png","contentUrl":"https:\/\/www.timodent.com\/wp-content\/uploads\/2015\/12\/timo-dent-logo1.png","width":225,"height":90,"caption":"Timo Dent"},"image":{"@id":"https:\/\/www.timodent.com\/#\/schema\/logo\/image\/"},"sameAs":["https:\/\/www.facebook.com\/Timo-dent-1706754609557789\/","https:\/\/www.instagram.com\/timodent.bg\/"]}]}},"_links":{"self":[{"href":"https:\/\/www.timodent.com\/en\/wp-json\/wp\/v2\/pages\/9094","targetHints":{"allow":["GET"]}}],"collection":[{"href":"https:\/\/www.timodent.com\/en\/wp-json\/wp\/v2\/pages"}],"about":[{"href":"https:\/\/www.timodent.com\/en\/wp-json\/wp\/v2\/types\/page"}],"author":[{"embeddable":true,"href":"https:\/\/www.timodent.com\/en\/wp-json\/wp\/v2\/users\/1"}],"replies":[{"embeddable":true,"href":"https:\/\/www.timodent.com\/en\/wp-json\/wp\/v2\/comments?post=9094"}],"version-history":[{"count":9,"href":"https:\/\/www.timodent.com\/en\/wp-json\/wp\/v2\/pages\/9094\/revisions"}],"predecessor-version":[{"id":9103,"href":"https:\/\/www.timodent.com\/en\/wp-json\/wp\/v2\/pages\/9094\/revisions\/9103"}],"wp:attachment":[{"href":"https:\/\/www.timodent.com\/en\/wp-json\/wp\/v2\/media?parent=9094"}],"curies":[{"name":"wp","href":"https:\/\/api.w.org\/{rel}","templated":true}]}}